{"id":83,"date":"2024-03-14T14:31:25","date_gmt":"2024-03-14T14:31:25","guid":{"rendered":"https:\/\/bimbormidagenova.it\/fs\/?page_id=83"},"modified":"2024-03-24T14:36:30","modified_gmt":"2024-03-24T14:36:30","slug":"societa-partecipate","status":"publish","type":"page","link":"https:\/\/bimbormidagenova.it\/fs\/societa-partecipate\/","title":{"rendered":"Societ\u00e0 Partecipate"},"content":{"rendered":"<div class=\"pdfprnt-buttons pdfprnt-buttons-page pdfprnt-top-right\"><a href=\"https:\/\/bimbormidagenova.it\/fs\/wp-json\/wp\/v2\/pages\/83?print=pdf\" class=\"pdfprnt-button pdfprnt-button-pdf\" target=\"_blank\" ><img decoding=\"async\" src=\"https:\/\/bimbormidagenova.it\/fs\/wp-content\/plugins\/pdf-print\/images\/pdf.png\" alt=\"image_pdf\" title=\"Visualizza PDF\" \/><\/a><a href=\"https:\/\/bimbormidagenova.it\/fs\/wp-json\/wp\/v2\/pages\/83?print=print\" class=\"pdfprnt-button pdfprnt-button-print\" target=\"_blank\" ><img decoding=\"async\" src=\"https:\/\/bimbormidagenova.it\/fs\/wp-content\/plugins\/pdf-print\/images\/print.png\" alt=\"image_print\" title=\"Stampa contenuto\" \/><\/a><\/div><p><strong>Agenzia di Sviluppo Locale \u2013 Gal genovese<\/strong><\/p>\n<p>Il <strong>Bim Bormida Genova<\/strong> \u00e8 diventato socio dell\u2019<strong>Agenzia di Sviluppo Locale \u2013 Gal genovese<\/strong> con una quota pari al <strong>5,56%<\/strong> del capitale sociale.<\/p>\n<p>La societ\u00e0 si occupa dall\u2019inizio del <strong>2000<\/strong> della crescita sostenibile dei territori del <strong>Genovesato<\/strong>, operando come vera e propria agenzia di sviluppo locale.<\/p>\n<p>Tale processo di sviluppo \u00e8 andato di concerto con il rafforzato legame con <strong>Provincia di Genova<\/strong> e<strong> CCIAA di Genova<\/strong> <strong>(soci di maggioranza)<\/strong> che hanno fatto della societ\u00e0 un loro braccio operativo rispetto a temi di sviluppo locale, dall\u2018incentivazione del turismo rurale, sportivo, culturale allo sviluppo della ricettivit\u00e0; dalla valorizzazione dell\u2019artigianato artistico e dei prodotti tipici locali al miglioramento dei servizi e della qualit\u00e0 della vita; dalla gestione dell\u2019ambiente in tema di acque e rifiuti allo sviluppo e diffusione delle nuove tecnologie in ambito rurale; da azioni tese al miglioramento dell\u2019accessibilit\u00e0 allo sviluppo di progetti di valorizzazione del patrimonio artistico \u2013 culturale dei borghi rurali; dalla individuazione di nuovi modelli di sviluppo per gli spazi peri-urbani al marketing dei prodotti agroalimentari, all\u2019assistenza alle <strong>PMI<\/strong>.<\/p>\n<p>Il core business della societ\u00e0 \u00e8 rappresentato dalla capacit\u00e0 di creare e di gestire progetti di sviluppo finanziati, di volta in volta, da b<strong>andi europei<\/strong>, nazionali, regionali , ma anche di creare reti e partnership operative<strong> (a livello locale nazionale e transazionale)<\/strong> che sviluppino idee e azioni sui territori.<\/p>\n<p>Inoltre la <strong>societ\u00e0<\/strong> propone azioni di promozione e di valorizzazione del territorio e dei suoi prodotti mediante il sostegno ad iniziative locali, creazione di eventi, conferenze stampa, degustazioni.<\/p>\n<p>Infine il <strong>GAL<\/strong> ha avviato diverse attivit\u00e0 in convenzione con gli <strong>Enti locali<\/strong>, di cui l\u2019esperienza pi\u00f9 significativa di collaborazione \u00e8 quella relativa alle Expo locali, trasformate in vere e proprie vetrine del territorio.<\/p>\n","protected":false},"excerpt":{"rendered":"<p>Agenzia di Sviluppo Locale \u2013 Gal genovese Il Bim Bormida Genova \u00e8 diventato socio dell\u2019Agenzia di Sviluppo Locale \u2013 Gal genovese con una quota pari al 5,56% del capitale sociale. La societ\u00e0 si occupa dall\u2019inizio del 2000 della crescita sostenibile dei territori del Genovesato, operando come vera e propria agenzia di sviluppo locale. Tale processo di sviluppo \u00e8 andato di [&hellip;]<\/p>\n","protected":false},"author":3,"featured_media":0,"parent":0,"menu_order":0,"comment_status":"closed","ping_status":"closed","template":"","meta":{"footnotes":""},"class_list":["post-83","page","type-page","status-publish","hentry"],"_links":{"self":[{"href":"https:\/\/bimbormidagenova.it\/fs\/wp-json\/wp\/v2\/pages\/83","targetHints":{"allow":["GET"]}}],"collection":[{"href":"https:\/\/bimbormidagenova.it\/fs\/wp-json\/wp\/v2\/pages"}],"about":[{"href":"https:\/\/bimbormidagenova.it\/fs\/wp-json\/wp\/v2\/types\/page"}],"author":[{"embeddable":true,"href":"https:\/\/bimbormidagenova.it\/fs\/wp-json\/wp\/v2\/users\/3"}],"replies":[{"embeddable":true,"href":"https:\/\/bimbormidagenova.it\/fs\/wp-json\/wp\/v2\/comments?post=83"}],"version-history":[{"count":3,"href":"https:\/\/bimbormidagenova.it\/fs\/wp-json\/wp\/v2\/pages\/83\/revisions"}],"predecessor-version":[{"id":440,"href":"https:\/\/bimbormidagenova.it\/fs\/wp-json\/wp\/v2\/pages\/83\/revisions\/440"}],"wp:attachment":[{"href":"https:\/\/bimbormidagenova.it\/fs\/wp-json\/wp\/v2\/media?parent=83"}],"curies":[{"name":"wp","href":"https:\/\/api.w.org\/{rel}","templated":true}]}}